{"id":359,"date":"2024-12-14T07:58:41","date_gmt":"2024-12-14T07:58:41","guid":{"rendered":"http:\/\/kautz-janits.at\/?page_id=359"},"modified":"2026-01-16T17:42:38","modified_gmt":"2026-01-16T17:42:38","slug":"kulinarik","status":"publish","type":"page","link":"http:\/\/kautz-janits.at\/?page_id=359","title":{"rendered":"Kulinarik"},"content":{"rendered":"\n<div class=\"wp-block-columns is-layout-flex wp-container-core-columns-is-layout-2 wp-block-columns-is-layout-flex\">\n<div class=\"wp-block-column is-layout-flow wp-block-column-is-layout-flow\">\n<div class=\"wp-block-group alignfull has-global-padding is-layout-constrained wp-container-core-group-is-layout-3 wp-block-group-is-layout-constrained\" style=\"margin-top:0;margin-bottom:0;padding-top:0;padding-right:0;padding-bottom:0;padding-left:0\">\n<figure class=\"wp-block-image size-full\"><img loading=\"lazy\" decoding=\"async\" width=\"2000\" height=\"924\" src=\"http:\/\/kautz-janits.at\/wp-content\/uploads\/2024\/12\/a8045a0c-509a-45ea-989c-727e9ae50932.jpg\" alt=\"\" class=\"wp-image-438\" srcset=\"http:\/\/kautz-janits.at\/wp-content\/uploads\/2024\/12\/a8045a0c-509a-45ea-989c-727e9ae50932.jpg 2000w, http:\/\/kautz-janits.at\/wp-content\/uploads\/2024\/12\/a8045a0c-509a-45ea-989c-727e9ae50932-300x139.jpg 300w, http:\/\/kautz-janits.at\/wp-content\/uploads\/2024\/12\/a8045a0c-509a-45ea-989c-727e9ae50932-1024x473.jpg 1024w, http:\/\/kautz-janits.at\/wp-content\/uploads\/2024\/12\/a8045a0c-509a-45ea-989c-727e9ae50932-768x355.jpg 768w, http:\/\/kautz-janits.at\/wp-content\/uploads\/2024\/12\/a8045a0c-509a-45ea-989c-727e9ae50932-1536x710.jpg 1536w\" sizes=\"auto, (max-width: 2000px) 100vw, 2000px\" \/><\/figure>\n\n\n\n<div class=\"wp-block-group has-global-padding is-layout-constrained wp-container-core-group-is-layout-1 wp-block-group-is-layout-constrained\" style=\"padding-top:var(--wp--preset--spacing--superbspacing-xsmall);padding-bottom:var(--wp--preset--spacing--superbspacing-xsmall)\">\n<p class=\"has-featured-color has-text-color has-link-color has-superbfont-small-font-size wp-elements-d34017516ed4c783b794d3b996478881\">GENUSSMOMENTE IM HERZEN DES MITTELBURGENLANDS<\/p>\n\n\n\n<h2 class=\"wp-block-heading has-text-align-left has-superbfont-xlarge-font-size\" style=\"line-height:1.2\">Feinste Schmankerl f\u00fcr jeden Geschmack<\/h2>\n<\/div>\n\n\n\n<div class=\"wp-block-columns alignwide is-layout-flex wp-container-core-columns-is-layout-1 wp-block-columns-is-layout-flex\">\n<div class=\"wp-block-column is-vertically-aligned-center is-layout-flow wp-container-core-column-is-layout-1 wp-block-column-is-layout-flow\" style=\"padding-top:0;padding-right:0;padding-bottom:0;padding-left:0\">\n<div class=\"wp-block-group is-layout-flow wp-container-core-group-is-layout-2 wp-block-group-is-layout-flow\">\n<p class=\"has-text-align-left has-mono-2-color has-text-color has-superbfont-small-font-size\">Unser K\u00fcchenteam verw\u00f6hnt Sie mit einer vielf\u00e4ltigen Auswahl an saisonalen K\u00f6stlichkeiten, die mit frischen, regionalen Zutaten zubereitet werden. Wir legen besonderen Wert auf Qualit\u00e4t und Nachhaltigkeit und bieten Ihnen Gerichte, die nicht nur den Geschmack, sondern auch das Herz erw\u00e4rmen. In unserem Gasthaus k\u00f6nnen Sie die ganze Vielfalt der \u00f6sterreichischen K\u00fcche erleben, von herzhaften Klassikern bis hin zu kreativen Spezialit\u00e4ten, die der Jahreszeit entsprechen.<\/p>\n\n\n\n<p class=\"has-mono-2-color has-text-color has-link-color has-superbfont-small-font-size wp-elements-51a50fa024349e2639b4f3ca34220fac\">In unserem Gasthaus geht es nicht nur um gutes Essen, sondern auch um Gastfreundschaft. Wir m\u00f6chten, dass Sie sich bei uns wie zu Hause f\u00fchlen \u2013 ob bei einem gem\u00fctlichen Abendessen mit der Familie, einem feierlichen Anlass oder einem spontanen Besuch. Qualit\u00e4t und ein herzlicher Service sind die Basis unserer Philosophie.<\/p>\n\n\n\n<p class=\"has-mono-2-color has-text-color has-link-color has-superbfont-small-font-size wp-elements-56826fc1a576cb32b9c25017538d8846\">Ein besonderes Highlight ist unser Pizzaabend, der jeden Freitag stattfindet. Lassen Sie sich von unseren frisch zubereiteten Pizzen verw\u00f6hnen, die direkt in unserem hauseigenen Pizzaofen gebacken werden. Und wenn Sie es lieber zu Hause genie\u00dfen m\u00f6chten, bieten wir auch einen praktischen Abholservice an.<\/p>\n\n\n\n<p class=\"has-text-align-left has-mono-2-color has-text-color has-superbfont-small-font-size\">Besuchen Sie uns und lassen Sie sich von unserer vielf\u00e4ltigen und schmackhaften Kulinarik begeistern!<\/p>\n<\/div>\n<\/div>\n<\/div>\n<\/div>\n<\/div>\n<\/div>\n\n\n\n<div class=\"wp-block-columns is-layout-flex wp-container-core-columns-is-layout-3 wp-block-columns-is-layout-flex\" style=\"margin-top:var(--wp--preset--spacing--superbspacing-medium);margin-bottom:var(--wp--preset--spacing--superbspacing-medium);padding-top:0;padding-bottom:0\">\n<div class=\"wp-block-column is-layout-flow wp-block-column-is-layout-flow\">\n<div class=\"wp-block-buttons is-content-justification-center is-layout-flex wp-container-core-buttons-is-layout-1 wp-block-buttons-is-layout-flex\">\n<div class=\"wp-block-button\"><a class=\"wp-block-button__link has-background wp-element-button\" href=\"http:\/\/kautz-janits.at\/wp-content\/uploads\/2026\/01\/Speisekarte_GH_Kautz_Janits_2026_1.pdf\" style=\"background-color:#840e06\" target=\"_blank\" rel=\"noreferrer noopener\">SPEISEKARTE<\/a><\/div>\n\n\n\n<div class=\"wp-block-button\"><a class=\"wp-block-button__link has-background wp-element-button\" href=\"http:\/\/kautz-janits.at\/wp-content\/uploads\/2024\/12\/Weinkarte_GH_Kautz_Janits.pdf\" style=\"background-color:#840e06\" target=\"_blank\" rel=\"noreferrer noopener\">WEINKARTE<\/a><\/div>\n\n\n\n<div class=\"wp-block-button\"><a class=\"wp-block-button__link has-background wp-element-button\" href=\"http:\/\/kautz-janits.at\/wp-content\/uploads\/2026\/01\/Pizzakarte_GH_Kautz_Janits_2026.pdf\" style=\"background-color:#840e06\" target=\"_blank\" rel=\"noreferrer noopener\">PIZZAKARTE<\/a><\/div>\n<\/div>\n<\/div>\n<\/div>\n\n\n\n<p><\/p>\n","protected":false},"excerpt":{"rendered":"<p>GENUSSMOMENTE IM HERZEN DES MITTELBURGENLANDS Feinste Schmankerl f\u00fcr jeden Geschmack Unser K\u00fcchenteam verw\u00f6hnt Sie mit einer vielf\u00e4ltigen Auswahl an saisonalen K\u00f6stlichkeiten, die mit frischen, regionalen Zutaten zubereitet werden. Wir legen besonderen Wert auf Qualit\u00e4t und Nachhaltigkeit und bieten Ihnen Gerichte, die nicht nur den Geschmack, sondern auch das Herz erw\u00e4rmen. In unserem Gasthaus k\u00f6nnen Sie [&hellip;]<\/p>\n","protected":false},"author":1,"featured_media":0,"parent":0,"menu_order":0,"comment_status":"closed","ping_status":"closed","template":"","meta":{"footnotes":""},"class_list":["post-359","page","type-page","status-publish","hentry"],"_links":{"self":[{"href":"http:\/\/kautz-janits.at\/index.php?rest_route=\/wp\/v2\/pages\/359","targetHints":{"allow":["GET"]}}],"collection":[{"href":"http:\/\/kautz-janits.at\/index.php?rest_route=\/wp\/v2\/pages"}],"about":[{"href":"http:\/\/kautz-janits.at\/index.php?rest_route=\/wp\/v2\/types\/page"}],"author":[{"embeddable":true,"href":"http:\/\/kautz-janits.at\/index.php?rest_route=\/wp\/v2\/users\/1"}],"replies":[{"embeddable":true,"href":"http:\/\/kautz-janits.at\/index.php?rest_route=%2Fwp%2Fv2%2Fcomments&post=359"}],"version-history":[{"count":19,"href":"http:\/\/kautz-janits.at\/index.php?rest_route=\/wp\/v2\/pages\/359\/revisions"}],"predecessor-version":[{"id":529,"href":"http:\/\/kautz-janits.at\/index.php?rest_route=\/wp\/v2\/pages\/359\/revisions\/529"}],"wp:attachment":[{"href":"http:\/\/kautz-janits.at\/index.php?rest_route=%2Fwp%2Fv2%2Fmedia&parent=359"}],"curies":[{"name":"wp","href":"https:\/\/api.w.org\/{rel}","templated":true}]}}