{"id":386,"date":"2024-12-14T09:00:17","date_gmt":"2024-12-14T09:00:17","guid":{"rendered":"http:\/\/kautz-janits.at\/?page_id=386"},"modified":"2024-12-27T11:49:59","modified_gmt":"2024-12-27T11:49:59","slug":"oeffnungszeiten","status":"publish","type":"page","link":"http:\/\/kautz-janits.at\/?page_id=386","title":{"rendered":"\u00d6ffnungszeiten"},"content":{"rendered":"\n<div class=\"wp-block-group alignfull has-global-padding is-layout-constrained wp-container-core-group-is-layout-1 wp-block-group-is-layout-constrained\" style=\"margin-top:0;margin-bottom:0;padding-top:0;padding-right:0;padding-bottom:0;padding-left:0\">\n<figure class=\"wp-block-image size-full\"><img loading=\"lazy\" decoding=\"async\" width=\"1520\" height=\"420\" src=\"http:\/\/kautz-janits.at\/wp-content\/uploads\/2017\/11\/IMG-20160918-WA0006.jpg\" alt=\"\" class=\"wp-image-277\" srcset=\"http:\/\/kautz-janits.at\/wp-content\/uploads\/2017\/11\/IMG-20160918-WA0006.jpg 1520w, http:\/\/kautz-janits.at\/wp-content\/uploads\/2017\/11\/IMG-20160918-WA0006-300x83.jpg 300w, http:\/\/kautz-janits.at\/wp-content\/uploads\/2017\/11\/IMG-20160918-WA0006-768x212.jpg 768w, http:\/\/kautz-janits.at\/wp-content\/uploads\/2017\/11\/IMG-20160918-WA0006-1024x283.jpg 1024w\" sizes=\"auto, (max-width: 1520px) 100vw, 1520px\" \/><\/figure>\n<\/div>\n\n\n\n<div class=\"wp-block-group alignfull has-global-padding is-layout-constrained wp-container-core-group-is-layout-3 wp-block-group-is-layout-constrained\" style=\"margin-top:0;margin-bottom:0;padding-top:var(--wp--preset--spacing--superbspacing-small);padding-right:var(--wp--preset--spacing--superbspacing-small);padding-bottom:var(--wp--preset--spacing--superbspacing-large);padding-left:var(--wp--preset--spacing--superbspacing-small)\">\n<div class=\"wp-block-group alignwide has-global-padding is-layout-constrained wp-container-core-group-is-layout-2 wp-block-group-is-layout-constrained\">\n<h3 class=\"wp-block-heading has-text-align-center has-featured-color has-text-color has-superbfont-small-font-size\"><\/h3>\n\n\n\n<h2 class=\"wp-block-heading has-text-align-center has-contrast-color has-text-color has-superbfont-xlarge-font-size\"><\/h2>\n\n\n\n<p class=\"has-text-align-center has-mono-2-color has-text-color has-superbfont-small-font-size\">Unser Gasthaus ist t\u00e4glich \u2013 au\u00dfer donnerstags \u2013 f\u00fcr Sie ge\u00f6ffnet. <br>Bitte beachten Sie, dass die Zeiten f\u00fcr die warme K\u00fcche von den \u00d6ffnungszeiten abweichen k\u00f6nnen. <br>Abweichende Zeiten sind m\u00f6glich, wir bitten diesbez\u00fcglich um vorherige Reservierung bzw. Anfrage.<\/p>\n<\/div>\n\n\n\n<div class=\"wp-block-columns is-layout-flex wp-container-core-columns-is-layout-1 wp-block-columns-is-layout-flex\">\n<div class=\"wp-block-column has-border-color has-mono-3-border-color is-layout-flow wp-block-column-is-layout-flow\" style=\"border-width:1px;padding-top:var(--wp--preset--spacing--superbspacing-small);padding-right:var(--wp--preset--spacing--superbspacing-small);padding-bottom:var(--wp--preset--spacing--superbspacing-small);padding-left:var(--wp--preset--spacing--superbspacing-small)\">\n<figure class=\"wp-block-image aligncenter size-full is-resized\"><img decoding=\"async\" src=\"http:\/\/kautz-janits.at\/wp-content\/themes\/bakery-and-pastry\/assets\/images\/contact\/contact-10-3.png\" alt=\"\" style=\"object-fit:cover;width:48px;height:48px\"\/><\/figure>\n\n\n\n<h3 class=\"wp-block-heading has-text-align-center has-superbfont-medium-font-size\" style=\"margin-top:0;margin-bottom:0\">\u00d6FFNUNGSZEITEN<\/h3>\n\n\n\n<p class=\"has-text-align-center has-mono-2-color has-text-color has-link-color has-superbfont-xsmall-font-size wp-elements-a740853b46bca31d8fae36c662691b21\" style=\"margin-top:var(--wp--preset--spacing--superbspacing-xxsmall);margin-bottom:0\">Montag bis Mittwoch: ab 17:00 Uhr <br>Donnerstag: Ruhetag <br>Freitag: ab 17:00 Uhr <br>Samstag: ab 10:30 Uhr<br>Sonntag: ab 9:00 Uhr<\/p>\n<\/div>\n\n\n\n<div class=\"wp-block-column has-border-color has-mono-3-border-color is-layout-flow wp-block-column-is-layout-flow\" style=\"border-width:1px;padding-top:var(--wp--preset--spacing--superbspacing-small);padding-right:var(--wp--preset--spacing--superbspacing-small);padding-bottom:var(--wp--preset--spacing--superbspacing-small);padding-left:var(--wp--preset--spacing--superbspacing-small)\">\n<figure class=\"wp-block-image aligncenter size-full is-resized\"><img decoding=\"async\" src=\"http:\/\/kautz-janits.at\/wp-content\/themes\/bakery-and-pastry\/assets\/images\/contact\/contact-10-3.png\" alt=\"\" style=\"object-fit:cover;width:48px;height:48px\"\/><\/figure>\n\n\n\n<h3 class=\"wp-block-heading has-text-align-center has-superbfont-medium-font-size\" style=\"margin-top:0;margin-bottom:0\">WARME K\u00dcCHE<\/h3>\n\n\n\n<p class=\"has-text-align-center has-mono-2-color has-text-color has-link-color has-superbfont-xsmall-font-size wp-elements-da142a741f529c3f6fefb1de26c87c1c\" style=\"margin-top:var(--wp--preset--spacing--superbspacing-xxsmall);margin-bottom:0\">Freitag: von 17:00 bis 22:00 Uhr <br>Samstag: von 11:30 bis 14:00 Uhr<br>Sonntag: von 11:30 bis 14:00 Uhr<\/p>\n<\/div>\n<\/div>\n<\/div>\n","protected":false},"excerpt":{"rendered":"<p>Unser Gasthaus ist t\u00e4glich \u2013 au\u00dfer donnerstags \u2013 f\u00fcr Sie ge\u00f6ffnet. Bitte beachten Sie, dass die Zeiten f\u00fcr die warme K\u00fcche von den \u00d6ffnungszeiten abweichen k\u00f6nnen. Abweichende Zeiten sind m\u00f6glich, wir bitten diesbez\u00fcglich um vorherige Reservierung bzw. Anfrage. \u00d6FFNUNGSZEITEN Montag bis Mittwoch: ab 17:00 Uhr Donnerstag: Ruhetag Freitag: ab 17:00 Uhr Samstag: ab 10:30 UhrSonntag: [&hellip;]<\/p>\n","protected":false},"author":1,"featured_media":0,"parent":0,"menu_order":0,"comment_status":"closed","ping_status":"closed","template":"","meta":{"footnotes":""},"class_list":["post-386","page","type-page","status-publish","hentry"],"_links":{"self":[{"href":"http:\/\/kautz-janits.at\/index.php?rest_route=\/wp\/v2\/pages\/386","targetHints":{"allow":["GET"]}}],"collection":[{"href":"http:\/\/kautz-janits.at\/index.php?rest_route=\/wp\/v2\/pages"}],"about":[{"href":"http:\/\/kautz-janits.at\/index.php?rest_route=\/wp\/v2\/types\/page"}],"author":[{"embeddable":true,"href":"http:\/\/kautz-janits.at\/index.php?rest_route=\/wp\/v2\/users\/1"}],"replies":[{"embeddable":true,"href":"http:\/\/kautz-janits.at\/index.php?rest_route=%2Fwp%2Fv2%2Fcomments&post=386"}],"version-history":[{"count":6,"href":"http:\/\/kautz-janits.at\/index.php?rest_route=\/wp\/v2\/pages\/386\/revisions"}],"predecessor-version":[{"id":433,"href":"http:\/\/kautz-janits.at\/index.php?rest_route=\/wp\/v2\/pages\/386\/revisions\/433"}],"wp:attachment":[{"href":"http:\/\/kautz-janits.at\/index.php?rest_route=%2Fwp%2Fv2%2Fmedia&parent=386"}],"curies":[{"name":"wp","href":"https:\/\/api.w.org\/{rel}","templated":true}]}}